{"id":1673,"date":"2017-11-17T12:35:40","date_gmt":"2017-11-17T12:35:40","guid":{"rendered":"http:\/\/postdocretreat.biozentrum.unibas.ch\/?page_id=1673"},"modified":"2017-11-17T13:44:38","modified_gmt":"2017-11-17T13:44:38","slug":"2017-keynote-and-career-talk","status":"publish","type":"page","link":"https:\/\/baselpostdocnetwork.unibas.ch\/?page_id=1673","title":{"rendered":"2017 Keynote and Career Talk"},"content":{"rendered":"<h1 class=\"entry-title\">KEYNOTE<\/h1>\n<div class=\"entry-content\">\n<p>We are delighted to welcome following distinguished scientists for 2017 keynote speech:<\/p>\n<p><strong>Prof. Dr. Klaus-Robert M\u00fcller<\/strong> is Head of the machine learning department at Technical University, Berlin and is known for his extensive work in statistical learning theory for neural networks, support vector machines, and ensemble learning techniques. \u00a0His current interests are expanded to the analysis of biomedical data, most recently to brain computer interfacing, genomic data analysis, computational chemistry, and atomistic simulations.<\/p>\n<p><a href=\"https:\/\/www.ml.tu-berlin.de\/menue\/members\/klaus-robert_mueller\/\">https:\/\/www.ml.tu-berlin.de\/menue\/members\/klaus-robert_mueller\/<\/a><\/p>\n<hr \/>\n<p><strong>\u00a0<\/strong><strong>Prof. Dr. Gianluca Lattanzi<\/strong>\u00a0is an Associate Professor of Applied Physics at the University of Trento, Italy. His main research field is molecular modeling, based mainly on the application of statistical and computational physics to cases of interest to experimental groups, with a clear preference for problems of biological or medical relevance.<\/p>\n<p><a href=\"https:\/\/sites.google.com\/site\/gllattanzi\/\">https:\/\/sites.google.com\/site\/gllattanzi\/<\/a><\/p>\n<hr \/>\n<p><span class=\"locality\"><strong>Prof. Dr. Pauline M. Rudd<\/strong> is an NIBRT Professor of Glycobiology at University College, Dublin. Her research interests include understanding the role of different glycosylation patterns in diseases such as cancer, and how these diseases alter the glycan processing pathways.<\/span><\/p>\n<p><span class=\"locality\"><a href=\"http:\/\/www.nibrt.ie\/cat_staff.jsp?i=14&amp;p=107&amp;n=116&amp;ci=13\">http:\/\/www.nibrt.ie\/cat_staff.jsp?i=14&amp;p=107&amp;n=116&amp;ci=13<\/a>\u00a0<\/span><\/p>\n<\/div>\n<p>&nbsp;<\/p>\n<h1 class=\"entry-title\">CAREER TALKS<\/h1>\n<div class=\"entry-content\">\n<p>We are pleased to announce the following confirmed speakers:<\/p>\n<p><strong>Dr. Markus Elsner<\/strong><br \/>\nSenior editor at Nature Biotechnology, Heidelberg<\/p>\n<p><strong>Dr. Mar\u00eda Rodr\u00edguez Mart\u00ednez<br \/>\n<\/strong>Research Staff Member, Technical Lead of Systems Biology at IBM, Zurich Research Lab<\/p>\n<p><strong>Dr. Mirko Bischofberger<\/strong><br \/>\nProject consultant at Science Booster, a crowdfunding platform for scientific research<\/p>\n<p><strong>Dr. Michel Verstraete \u00a0 \u00a0 \u00a0 \u00a0 \u00a0 \u00a0 \u00a0 \u00a0 \u00a0 \u00a0 \u00a0 \u00a0 \u00a0 \u00a0 \u00a0 \u00a0 \u00a0 \u00a0 \u00a0 \u00a0 \u00a0 \u00a0 \u00a0 \u00a0 \u00a0 \u00a0 \u00a0 \u00a0 \u00a0 \u00a0 \u00a0 \u00a0 \u00a0 \u00a0 \u00a0 \u00a0 \u00a0 \u00a0 \u00a0 \u00a0 \u00a0 \u00a0 \u00a0 \u00a0 \u00a0 \u00a0 \u00a0 \u00a0 \u00a0 \u00a0 \u00a0 \u00a0\u00a0\u00a0 <\/strong>Visiting Professor, Global Change Institute, The University of the Witwatersrand, Johannesburg, South Africa<\/p>\n<\/div>\n","protected":false},"excerpt":{"rendered":"<p>KEYNOTE We are delighted to welcome following distinguished scientists for 2017 keynote speech: Prof. Dr. Klaus-Robert M\u00fcller is Head of the machine learning department at Technical University, Berlin and is known for his extensive work in statistical learning theory for neural networks, support vector machines, and ensemble learning techniques. \u00a0His current interests are expanded to the analysis of biomedical data, most recently to brain computer interfacing, genomic data analysis, computational chemistry, and atomistic simulations. https:\/\/www.ml.tu-berlin.de\/menue\/members\/klaus-robert_mueller\/ \u00a0Prof. Dr. Gianluca Lattanzi\u00a0is an&#8230;<\/p>\n<p class=\"read-more\"><a class=\"btn btn-default\" href=\"https:\/\/baselpostdocnetwork.unibas.ch\/?page_id=1673\"> Read More<span class=\"screen-reader-text\">  Read More<\/span><\/a><\/p>\n","protected":false},"author":1,"featured_media":0,"parent":0,"menu_order":0,"comment_status":"closed","ping_status":"closed","template":"","meta":{"footnotes":""},"class_list":["post-1673","page","type-page","status-publish","hentry"],"_links":{"self":[{"href":"https:\/\/baselpostdocnetwork.unibas.ch\/index.php?rest_route=\/wp\/v2\/pages\/1673","targetHints":{"allow":["GET"]}}],"collection":[{"href":"https:\/\/baselpostdocnetwork.unibas.ch\/index.php?rest_route=\/wp\/v2\/pages"}],"about":[{"href":"https:\/\/baselpostdocnetwork.unibas.ch\/index.php?rest_route=\/wp\/v2\/types\/page"}],"author":[{"embeddable":true,"href":"https:\/\/baselpostdocnetwork.unibas.ch\/index.php?rest_route=\/wp\/v2\/users\/1"}],"replies":[{"embeddable":true,"href":"https:\/\/baselpostdocnetwork.unibas.ch\/index.php?rest_route=%2Fwp%2Fv2%2Fcomments&post=1673"}],"version-history":[{"count":2,"href":"https:\/\/baselpostdocnetwork.unibas.ch\/index.php?rest_route=\/wp\/v2\/pages\/1673\/revisions"}],"predecessor-version":[{"id":1695,"href":"https:\/\/baselpostdocnetwork.unibas.ch\/index.php?rest_route=\/wp\/v2\/pages\/1673\/revisions\/1695"}],"wp:attachment":[{"href":"https:\/\/baselpostdocnetwork.unibas.ch\/index.php?rest_route=%2Fwp%2Fv2%2Fmedia&parent=1673"}],"curies":[{"name":"wp","href":"https:\/\/api.w.org\/{rel}","templated":true}]}}